{"id":43,"date":"2025-02-25T01:28:25","date_gmt":"2025-02-25T00:28:25","guid":{"rendered":"https:\/\/ctti-express.net\/index.php\/contact\/"},"modified":"2025-04-17T01:54:17","modified_gmt":"2025-04-17T01:54:17","slug":"contact","status":"publish","type":"page","link":"https:\/\/ctti-express.net\/index.php\/contact\/","title":{"rendered":"Contact"},"content":{"rendered":"\n<div class=\"wp-block-group alignfull gutenify-section-ee900e00-0a00-11ee-8d53-9f458413e561 is-layout-constrained wp-container-core-group-is-layout-111b2e00 wp-block-group-is-layout-constrained gtfy-31\">\n<div class=\"wp-block-cover alignfull gutenify-section-ee85adc0-0a00-11ee-8d53-9f458413e561 gtfy-3\" style=\"padding-top:50px;min-height:444px;aspect-ratio:unset;\"><img decoding=\"async\" class=\"wp-block-cover__image-background wp-image-5037\" alt=\"\" src=\"https:\/\/demo.gutenify.com\/gutenify-logistics\/wp-content\/uploads\/sites\/124\/2023\/02\/pathfinder_1-3-copyright.jpeg\" data-object-fit=\"cover\"\/><span aria-hidden=\"true\" class=\"wp-block-cover__background has-background-dim-80 has-background-dim wp-block-cover__gradient-background has-background-gradient\" style=\"background:linear-gradient(90deg,rgb(0,0,0) 52%,rgba(150,149,240,0) 96%)\"><\/span><div class=\"wp-block-cover__inner-container is-layout-flow wp-block-cover-is-layout-flow\">\n<div class=\"wp-block-group alignwide gutenify-section-ee853890-0a00-11ee-8d53-9f458413e561 is-content-justification-center is-nowrap is-layout-flex wp-container-core-group-is-layout-eeea3fc2 wp-block-group-is-layout-flex gtfy-2\"><h1 class=\"has-text-align-center alignwide wp-block-post-title has-text-color has-background-color has-huge-font-size gtfy-1\">Contact<\/h1><\/div>\n<\/div><\/div>\n\n\n\n<div class=\"wp-block-group alignfull gutenify-section-ee8f98d0-0a00-11ee-8d53-9f458413e561 is-layout-constrained wp-block-group-is-layout-constrained gtfy-27\">\n<div class=\"wp-block-columns alignwide are-vertically-aligned-center gutenify-section-ee8ba130-0a00-11ee-8d53-9f458413e561 is-layout-flex wp-container-core-columns-is-layout-28f84493 wp-block-columns-is-layout-flex gtfy-26\">\n<div class=\"wp-block-column is-vertically-aligned-center animated fadeInUp gutenify-section-ee8adde0-0a00-11ee-8d53-9f458413e561 is-layout-flow wp-block-column-is-layout-flow gtfy-22\">\n<div class=\"wp-block-group alignwide animated animated-fadeInUp gutenify-section-ee8ab6d0-0a00-11ee-8d53-9f458413e561 is-layout-constrained wp-container-core-group-is-layout-26420631 wp-block-group-is-layout-constrained gtfy-15\">\n<div class=\"wp-block-group gutenify-section-ee87a990-0a00-11ee-8d53-9f458413e561 is-layout-constrained wp-container-core-group-is-layout-1f63d157 wp-block-group-is-layout-constrained gtfy-11\">\n<div class=\"wp-block-group animated animated-fadeInUp gutenify-section-ee8622f0-0a00-11ee-8d53-9f458413e561 is-nowrap is-layout-flex wp-container-core-group-is-layout-dcc3178d wp-block-group-is-layout-flex gtfy-5\" style=\"border-left-color:var(--wp--preset--color--primary);padding-left:var(--wp--preset--spacing--40)\">\n<p class=\"has-text-align-left gutenify-section-ee85fbe0-0a00-11ee-8d53-9f458413e561 has-primary-color has-text-color has-small-font-size gtfy-4\" style=\"font-style:normal;font-weight:700;letter-spacing:1px;text-transform:capitalize\">Contactez-nous<\/p>\n<\/div>\n\n\n\n<h2 class=\"wp-block-heading gutenify-section-ee867110-0a00-11ee-8d53-9f458413e561 has-foreground-color has-text-color has-slider-title-font-size gtfy-6\" style=\"margin-bottom:var(--wp--preset--spacing--40)\">\u00c9crire un message \u00e0 nos experts<\/h2>\n\n\n\n<p class=\"gutenify-section-ee86e640-0a00-11ee-8d53-9f458413e561 has-body-text-color has-text-color gtfy-7\">Contactez-nous simplement via t\u00e9l\u00e9phone, mails ou remplissez simplement le formulaire et nos \u00e9quipes vous contacterons dans de bref d\u00e9lais.<br><\/p>\n\n\n\n<div class=\"wp-block-group is-nowrap is-layout-flex wp-container-core-group-is-layout-6c531013 wp-block-group-is-layout-flex gtfy-10\">\n<div class=\"wp-block-gutenify-icon flex-col-item is-content-justification-center gtfy-8\"><div class=\"gutenify-icon-wrapper\"><i class=\"fas fa-phone-volume\"><\/i><\/div><\/div>\n\n\n\n<p class=\"gtfy-9\">73 52 22 22 \/ 70 11 44 44<\/p>\n<\/div>\n<\/div>\n\n\n\n<div class=\"wp-block-group is-nowrap is-layout-flex wp-container-core-group-is-layout-6c531013 wp-block-group-is-layout-flex gtfy-14\">\n<div class=\"wp-block-gutenify-icon flex-col-item is-content-justification-center gtfy-12\"><div class=\"gutenify-icon-wrapper\"><i class=\"fas fa-envelope-open\"><\/i><\/div><\/div>\n\n\n\n<p class=\"gtfy-13\">infos@ctti.net<\/p>\n<\/div>\n<\/div>\n\n\n\n<h2 class=\"wp-block-heading gtfy-16\">Retrouvez-nous \u00e9galement sur : <\/h2>\n\n\n\n<div class=\"wp-block-group alignwide animated animated-fadeInUp gutenify-section-ee8ab6d0-0a00-11ee-8d53-9f458413e561 is-layout-constrained wp-container-core-group-is-layout-26420631 wp-block-group-is-layout-constrained gtfy-21\">\n<ul class=\"wp-block-social-links has-normal-icon-size has-icon-color gutenify-section-ee8a8fc0-0a00-11ee-8d53-9f458413e561 is-style-pill-shape is-content-justification-left is-layout-flex wp-container-core-social-links-is-layout-7020f95d wp-block-social-links-is-layout-flex gtfy-20\" style=\"padding-top:0;padding-right:0;padding-bottom:0;padding-left:0\"><li style=\"color:#fff;\" class=\"wp-social-link wp-social-link-facebook has-background-color wp-block-social-link gtfy-17\"><a rel=\"noopener nofollow\" target=\"_blank\" href=\"https:\/\/www.facebook.com\/profile.php?id=100076295180653\" class=\"wp-block-social-link-anchor\"><svg width=\"24\" height=\"24\" viewBox=\"0 0 24 24\" version=\"1.1\" xmlns=\"http:\/\/www.w3.org\/2000\/svg\" aria-hidden=\"true\" focusable=\"false\"><path d=\"M12 2C6.5 2 2 6.5 2 12c0 5 3.7 9.1 8.4 9.9v-7H7.9V12h2.5V9.8c0-2.5 1.5-3.9 3.8-3.9 1.1 0 2.2.2 2.2.2v2.5h-1.3c-1.2 0-1.6.8-1.6 1.6V12h2.8l-.4 2.9h-2.3v7C18.3 21.1 22 17 22 12c0-5.5-4.5-10-10-10z\"><\/path><\/svg><span class=\"wp-block-social-link-label screen-reader-text\">Facebook<\/span><\/a><\/li>\n\n<li style=\"color:#fff;\" class=\"wp-social-link wp-social-link-linkedin has-background-color wp-block-social-link gtfy-18\"><a rel=\"noopener nofollow\" target=\"_blank\" href=\"https:\/\/www.linkedin.com\/company\/ctti-express\/\" class=\"wp-block-social-link-anchor\"><svg width=\"24\" height=\"24\" viewBox=\"0 0 24 24\" version=\"1.1\" xmlns=\"http:\/\/www.w3.org\/2000\/svg\" aria-hidden=\"true\" focusable=\"false\"><path d=\"M19.7,3H4.3C3.582,3,3,3.582,3,4.3v15.4C3,20.418,3.582,21,4.3,21h15.4c0.718,0,1.3-0.582,1.3-1.3V4.3 C21,3.582,20.418,3,19.7,3z M8.339,18.338H5.667v-8.59h2.672V18.338z M7.004,8.574c-0.857,0-1.549-0.694-1.549-1.548 c0-0.855,0.691-1.548,1.549-1.548c0.854,0,1.547,0.694,1.547,1.548C8.551,7.881,7.858,8.574,7.004,8.574z M18.339,18.338h-2.669 v-4.177c0-0.996-0.017-2.278-1.387-2.278c-1.389,0-1.601,1.086-1.601,2.206v4.249h-2.667v-8.59h2.559v1.174h0.037 c0.356-0.675,1.227-1.387,2.526-1.387c2.703,0,3.203,1.779,3.203,4.092V18.338z\"><\/path><\/svg><span class=\"wp-block-social-link-label screen-reader-text\">LinkedIn<\/span><\/a><\/li>\n\n<li style=\"color:#fff;\" class=\"wp-social-link wp-social-link-whatsapp has-background-color wp-block-social-link gtfy-19\"><a rel=\"noopener nofollow\" target=\"_blank\" href=\"https:\/\/wa.me\/qr\/H64YFSGH3ULOG1\" class=\"wp-block-social-link-anchor\"><svg width=\"24\" height=\"24\" viewBox=\"0 0 24 24\" version=\"1.1\" xmlns=\"http:\/\/www.w3.org\/2000\/svg\" aria-hidden=\"true\" focusable=\"false\"><path d=\"M 12.011719 2 C 6.5057187 2 2.0234844 6.478375 2.0214844 11.984375 C 2.0204844 13.744375 2.4814687 15.462563 3.3554688 16.976562 L 2 22 L 7.2324219 20.763672 C 8.6914219 21.559672 10.333859 21.977516 12.005859 21.978516 L 12.009766 21.978516 C 17.514766 21.978516 21.995047 17.499141 21.998047 11.994141 C 22.000047 9.3251406 20.962172 6.8157344 19.076172 4.9277344 C 17.190172 3.0407344 14.683719 2.001 12.011719 2 z M 12.009766 4 C 14.145766 4.001 16.153109 4.8337969 17.662109 6.3417969 C 19.171109 7.8517969 20.000047 9.8581875 19.998047 11.992188 C 19.996047 16.396187 16.413812 19.978516 12.007812 19.978516 C 10.674812 19.977516 9.3544062 19.642812 8.1914062 19.007812 L 7.5175781 18.640625 L 6.7734375 18.816406 L 4.8046875 19.28125 L 5.2851562 17.496094 L 5.5019531 16.695312 L 5.0878906 15.976562 C 4.3898906 14.768562 4.0204844 13.387375 4.0214844 11.984375 C 4.0234844 7.582375 7.6067656 4 12.009766 4 z M 8.4765625 7.375 C 8.3095625 7.375 8.0395469 7.4375 7.8105469 7.6875 C 7.5815469 7.9365 6.9355469 8.5395781 6.9355469 9.7675781 C 6.9355469 10.995578 7.8300781 12.182609 7.9550781 12.349609 C 8.0790781 12.515609 9.68175 15.115234 12.21875 16.115234 C 14.32675 16.946234 14.754891 16.782234 15.212891 16.740234 C 15.670891 16.699234 16.690438 16.137687 16.898438 15.554688 C 17.106437 14.971687 17.106922 14.470187 17.044922 14.367188 C 16.982922 14.263188 16.816406 14.201172 16.566406 14.076172 C 16.317406 13.951172 15.090328 13.348625 14.861328 13.265625 C 14.632328 13.182625 14.464828 13.140625 14.298828 13.390625 C 14.132828 13.640625 13.655766 14.201187 13.509766 14.367188 C 13.363766 14.534188 13.21875 14.556641 12.96875 14.431641 C 12.71875 14.305641 11.914938 14.041406 10.960938 13.191406 C 10.218937 12.530406 9.7182656 11.714844 9.5722656 11.464844 C 9.4272656 11.215844 9.5585938 11.079078 9.6835938 10.955078 C 9.7955938 10.843078 9.9316406 10.663578 10.056641 10.517578 C 10.180641 10.371578 10.223641 10.267562 10.306641 10.101562 C 10.389641 9.9355625 10.347156 9.7890625 10.285156 9.6640625 C 10.223156 9.5390625 9.737625 8.3065 9.515625 7.8125 C 9.328625 7.3975 9.131125 7.3878594 8.953125 7.3808594 C 8.808125 7.3748594 8.6425625 7.375 8.4765625 7.375 z\"><\/path><\/svg><span class=\"wp-block-social-link-label screen-reader-text\">WhatsApp<\/span><\/a><\/li><\/ul>\n<\/div>\n<\/div>\n\n\n\n<div class=\"wp-block-column is-vertically-aligned-center animated animated-fadeInUp gutenify-section-ee8b7a20-0a00-11ee-8d53-9f458413e561 is-layout-flow wp-block-column-is-layout-flow gtfy-25\" style=\"padding-top:40px;padding-right:40px;padding-bottom:40px;padding-left:40px\">\n<div class=\"wp-block-group alignwide gutenify-section-ee8b5310-0a00-11ee-8d53-9f458413e561 has-background-secondary-background-color has-background is-layout-constrained wp-container-core-group-is-layout-69de643f wp-block-group-is-layout-constrained gtfy-24\" style=\"padding-top:40px;padding-right:40px;padding-bottom:40px;padding-left:40px\">\n<div class=\"wp-block-contact-form-7-contact-form-selector gutenify-section-ee8b04f0-0a00-11ee-8d53-9f458413e561 gtfy-23\">\n<div class=\"wpcf7 no-js\" id=\"wpcf7-f20-o1\" lang=\"fr-FR\" dir=\"ltr\" data-wpcf7-id=\"20\">\n<div class=\"screen-reader-response\"><p role=\"status\" aria-live=\"polite\" aria-atomic=\"true\"><\/p> <ul><\/ul><\/div>\n<form action=\"\/index.php\/wp-json\/wp\/v2\/pages\/43#wpcf7-f20-o1\" method=\"post\" class=\"wpcf7-form init\" aria-label=\"Formulaire de contact\" novalidate=\"novalidate\" data-status=\"init\">\n<fieldset class=\"hidden-fields-container\"><input type=\"hidden\" name=\"_wpcf7\" value=\"20\" \/><input type=\"hidden\" name=\"_wpcf7_version\" value=\"6.1\" \/><input type=\"hidden\" name=\"_wpcf7_locale\" value=\"fr_FR\" \/><input type=\"hidden\" name=\"_wpcf7_unit_tag\" value=\"wpcf7-f20-o1\" \/><input type=\"hidden\" name=\"_wpcf7_container_post\" value=\"0\" \/><input type=\"hidden\" name=\"_wpcf7_posted_data_hash\" value=\"\" \/>\n<\/fieldset>\n<p><label> Votre nom<br \/>\n<span class=\"wpcf7-form-control-wrap\" data-name=\"your-name\"><input size=\"40\" maxlength=\"400\" class=\"wpcf7-form-control wpcf7-text wpcf7-validates-as-required\" autocomplete=\"name\" aria-required=\"true\" aria-invalid=\"false\" value=\"\" type=\"text\" name=\"your-name\" \/><\/span> <\/label>\n<\/p>\n<p><label> Votre adresse mail<br \/>\n<span class=\"wpcf7-form-control-wrap\" data-name=\"your-email\"><input size=\"40\" maxlength=\"400\" class=\"wpcf7-form-control wpcf7-email wpcf7-validates-as-required wpcf7-text wpcf7-validates-as-email\" autocomplete=\"email\" aria-required=\"true\" aria-invalid=\"false\" value=\"\" type=\"email\" name=\"your-email\" \/><\/span> <\/label>\n<\/p>\n<p><label> Num\u00e9ro de t\u00e9l\u00e9phone<br \/>\n<span class=\"wpcf7-form-control-wrap\" data-name=\"tel-45\"><input size=\"40\" maxlength=\"400\" class=\"wpcf7-form-control wpcf7-tel wpcf7-text wpcf7-validates-as-tel\" aria-invalid=\"false\" value=\"\" type=\"tel\" name=\"tel-45\" \/><\/span> <\/label>\n<\/p>\n<p><label> Sujet<br \/>\n<span class=\"wpcf7-form-control-wrap\" data-name=\"your-subject\"><input size=\"40\" maxlength=\"400\" class=\"wpcf7-form-control wpcf7-text\" aria-invalid=\"false\" value=\"\" type=\"text\" name=\"your-subject\" \/><\/span> <\/label>\n<\/p>\n<p><label> Votre commentaire<br \/>\n<span class=\"wpcf7-form-control-wrap\" data-name=\"your-message\"><textarea cols=\"40\" rows=\"10\" maxlength=\"2000\" class=\"wpcf7-form-control wpcf7-textarea wpcf7-validates-as-required\" aria-required=\"true\" aria-invalid=\"false\" name=\"your-message\"><\/textarea><\/span> <\/label>\n<\/p>\n<p><input class=\"wpcf7-form-control wpcf7-submit has-spinner\" type=\"submit\" value=\"Envoyez\" \/>\n<\/p><div class=\"wpcf7-response-output\" aria-hidden=\"true\"><\/div>\n<\/form>\n<\/div>\n<\/div>\n<\/div>\n<\/div>\n<\/div>\n<\/div>\n\n\n\n<div class=\"wp-block-group alignfull animated animated-fadeInUp gutenify-section-ee8fe6f0-0a00-11ee-8d53-9f458413e561 is-layout-constrained wp-container-core-group-is-layout-1e9e951e wp-block-group-is-layout-constrained gtfy-30\" style=\"padding-top:0px;padding-right:20px;padding-bottom:100px;padding-left:20px\">\n<div class=\"wp-block-gutenify-container alignwide gutenify-block-container-wrapper gutenify-container-version-2 gutenify-section-897b0311-9243-4100-9cd5-26a9c2bad5e5 gtfy-29\"><div class=\"gutenify-container\">\n<div class=\"wp-block-gutenify-map gutenify-block-map-wrapper gutenify-map-version-2 gutenify-section-44f05c5c-71c1-4cb9-b639-09490134e318 gtfy-28\"><iframe title=\"Google Map\" frameborder=\"0\" src=\"https:\/\/www.google.com\/maps?q=12.2833068,-1.47889&amp;output=embed&amp;hl=fr&amp;z=12\" style=\"width:100%;min-height:571px\"><\/iframe><\/div>\n<\/div><\/div>\n<\/div>\n<\/div>\n\n\n\n<p class=\"gtfy-34\"><\/p>\n","protected":false},"excerpt":{"rendered":"<p>Contactez-nous \u00c9crire un message \u00e0 nos experts Contactez-nous simplement via t\u00e9l\u00e9phone, mails ou remplissez simplement [&hellip;]<\/p>\n","protected":false},"author":1,"featured_media":0,"parent":0,"menu_order":0,"comment_status":"closed","ping_status":"closed","template":"page-no-title","meta":{"footnotes":""},"class_list":["post-43","page","type-page","status-publish","hentry"],"_links":{"self":[{"href":"https:\/\/ctti-express.net\/index.php\/wp-json\/wp\/v2\/pages\/43","targetHints":{"allow":["GET"]}}],"collection":[{"href":"https:\/\/ctti-express.net\/index.php\/wp-json\/wp\/v2\/pages"}],"about":[{"href":"https:\/\/ctti-express.net\/index.php\/wp-json\/wp\/v2\/types\/page"}],"author":[{"embeddable":true,"href":"https:\/\/ctti-express.net\/index.php\/wp-json\/wp\/v2\/users\/1"}],"replies":[{"embeddable":true,"href":"https:\/\/ctti-express.net\/index.php\/wp-json\/wp\/v2\/comments?post=43"}],"version-history":[{"count":10,"href":"https:\/\/ctti-express.net\/index.php\/wp-json\/wp\/v2\/pages\/43\/revisions"}],"predecessor-version":[{"id":293,"href":"https:\/\/ctti-express.net\/index.php\/wp-json\/wp\/v2\/pages\/43\/revisions\/293"}],"wp:attachment":[{"href":"https:\/\/ctti-express.net\/index.php\/wp-json\/wp\/v2\/media?parent=43"}],"curies":[{"name":"wp","href":"https:\/\/api.w.org\/{rel}","templated":true}]}}